{"id":439,"date":"2022-04-12T15:35:44","date_gmt":"2022-04-12T13:35:44","guid":{"rendered":"https:\/\/www.hotel-marvejols.fr\/restaurant\/"},"modified":"2022-04-13T17:06:42","modified_gmt":"2022-04-13T15:06:42","slug":"restaurant","status":"publish","type":"page","link":"https:\/\/www.hotel-marvejols.fr\/en\/restaurant\/","title":{"rendered":"Restaurant"},"content":{"rendered":"<div data-elementor-type=\"wp-page\" data-elementor-id=\"439\" class=\"elementor elementor-439\" data-elementor-post-type=\"page\">\n\t\t\t\t\t\t<section class=\"elementor-section elementor-top-section elementor-element elementor-element-aa37b02 elementor-section-boxed elementor-section-height-default elementor-section-height-default\" data-id=\"aa37b02\" data-element_type=\"section\">\n\t\t\t\t\t\t<div class=\"elementor-container elementor-column-gap-default\">\n\t\t\t\t\t<div class=\"elementor-column elementor-col-100 elementor-top-column elementor-element elementor-element-207faca\" data-id=\"207faca\" data-element_type=\"column\">\n\t\t\t<div class=\"elementor-widget-wrap elementor-element-populated\">\n\t\t\t\t\t\t<div class=\"elementor-element elementor-element-656d223 elementor-widget elementor-widget-text-editor\" data-id=\"656d223\" data-element_type=\"widget\" data-widget_type=\"text-editor.default\">\n\t\t\t\t<div class=\"elementor-widget-container\">\n\t\t\t\t\t\t\t\t\t<strong>We are happy to welcome you from Monday to Friday.\r\n<\/strong>\r\n\r\nWhether you are staying at the hotel or just want to discover our cuisine, we will be delighted to welcome you in an intimate and refined setting.\t\t\t\t\t\t\t\t<\/div>\n\t\t\t\t<\/div>\n\t\t\t\t\t<\/div>\n\t\t<\/div>\n\t\t\t\t\t<\/div>\n\t\t<\/section>\n\t\t\t\t<\/div>","protected":false},"excerpt":{"rendered":"<p>We are happy to welcome you from Monday to Friday. Que vous s\u00e9journiez \u00e0 l\u2019h\u00f4tel ou d\u00e9siriez seulement d\u00e9couvrir notre table, c\u2019est avec plaisir que nous vous accueillerons dans un cadre intime et raffin\u00e9.<\/p>","protected":false},"author":1,"featured_media":645,"parent":0,"menu_order":0,"comment_status":"closed","ping_status":"closed","template":"","meta":{"_seopress_robots_primary_cat":"","_seopress_titles_title":"","_seopress_titles_desc":"","_seopress_robots_index":"","footnotes":""},"class_list":["post-439","page","type-page","status-publish","has-post-thumbnail","hentry"],"_links":{"self":[{"href":"https:\/\/www.hotel-marvejols.fr\/en\/wp-json\/wp\/v2\/pages\/439","targetHints":{"allow":["GET"]}}],"collection":[{"href":"https:\/\/www.hotel-marvejols.fr\/en\/wp-json\/wp\/v2\/pages"}],"about":[{"href":"https:\/\/www.hotel-marvejols.fr\/en\/wp-json\/wp\/v2\/types\/page"}],"author":[{"embeddable":true,"href":"https:\/\/www.hotel-marvejols.fr\/en\/wp-json\/wp\/v2\/users\/1"}],"replies":[{"embeddable":true,"href":"https:\/\/www.hotel-marvejols.fr\/en\/wp-json\/wp\/v2\/comments?post=439"}],"version-history":[{"count":1,"href":"https:\/\/www.hotel-marvejols.fr\/en\/wp-json\/wp\/v2\/pages\/439\/revisions"}],"predecessor-version":[{"id":440,"href":"https:\/\/www.hotel-marvejols.fr\/en\/wp-json\/wp\/v2\/pages\/439\/revisions\/440"}],"wp:featuredmedia":[{"embeddable":true,"href":"https:\/\/www.hotel-marvejols.fr\/en\/wp-json\/wp\/v2\/media\/645"}],"wp:attachment":[{"href":"https:\/\/www.hotel-marvejols.fr\/en\/wp-json\/wp\/v2\/media?parent=439"}],"curies":[{"name":"wp","href":"https:\/\/api.w.org\/{rel}","templated":true}]}}