{"id":174,"date":"2022-04-12T15:35:25","date_gmt":"2022-04-12T13:35:25","guid":{"rendered":"https:\/\/www.hotel-marvejols.fr\/?page_id=174"},"modified":"2026-02-03T11:28:00","modified_gmt":"2026-02-03T10:28:00","slug":"hotel","status":"publish","type":"page","link":"https:\/\/www.hotel-marvejols.fr\/en\/hotel\/","title":{"rendered":"The hotel"},"content":{"rendered":"<div data-elementor-type=\"wp-page\" data-elementor-id=\"174\" class=\"elementor elementor-174\" data-elementor-post-type=\"page\">\n\t\t\t\t\t\t<section class=\"elementor-section elementor-top-section elementor-element elementor-element-346597a elementor-section-boxed elementor-section-height-default elementor-section-height-default\" data-id=\"346597a\" data-element_type=\"section\">\n\t\t\t\t\t\t<div class=\"elementor-container elementor-column-gap-default\">\n\t\t\t\t\t<div class=\"elementor-column elementor-col-100 elementor-top-column elementor-element elementor-element-5d94f7f\" data-id=\"5d94f7f\" data-element_type=\"column\">\n\t\t\t<div class=\"elementor-widget-wrap elementor-element-populated\">\n\t\t\t\t\t\t<div class=\"elementor-element elementor-element-605ee81 elementor-widget elementor-widget-text-editor\" data-id=\"605ee81\" data-element_type=\"widget\" data-widget_type=\"text-editor.default\">\n\t\t\t\t<div class=\"elementor-widget-container\">\n\t\t\t\t\t\t\t\t\t<h2><strong>The Hotel de l'Europe in Marvejols is open every day.<\/strong><\/h2><p>Since 2009, our establishment has been welcoming you with the same sense of hospitality inherited from the Maison Bastide, of which we are proud to be a part. Ideally situated between the vast plateaux of Aubrac and the spectacular Gorges du Tarn, our hotel is the perfect base from which to discover the richness and beauty of the Loz\u00e8re.<\/p><h2><strong>Rooms designed for your comfort<\/strong><\/h2><p>After a day of exploration, our <strong>35 rooms<\/strong> vous invitent \u00e0 la d\u00e9tente. Enti\u00e8rement r\u00e9nov\u00e9es, elles sont votre refuge pour une nuit de repos parfait. Connectez-vous \u00e0 notre Wi-Fi gratuit, ou bien \u00e0 votre compte Netflix ou Prime Vid\u00e9o pour un moment de pur divertissement. Vous avez m\u00eame la possibilit\u00e9 de connecter votre ordinateur \u00e0 la t\u00e9l\u00e9vision pour travailler ou vous divertir. Nous vous proposons entre autre une suite familiale, des chambres pour PMR et VRP.<\/p><p>Beyond <strong>accommodation<\/strong> and <strong>restoration<\/strong>For your business events, we have a number of rooms available. For your seminars and meetings, we offer rooms (<strong>capacity from 55 to 100 people<\/strong>) equipped with a flat screen, whiteboard and overhead projector. After work, participants can meet up in the <strong>bar <\/strong>for a moment of relaxation before enjoying a local meal in our restaurant.<\/p><p>Motorcyclists are welcome: their bikes can be parked in a closed garage at no extra charge for groups, and the courtyards are secured by a gate and cameras. Cars can also access the garage at an additional cost.<\/p>\t\t\t\t\t\t\t\t<\/div>\n\t\t\t\t<\/div>\n\t\t\t\t<div class=\"elementor-element elementor-element-1e4bd33 elementor-mobile-align-center elementor-widget elementor-widget-button\" data-id=\"1e4bd33\" data-element_type=\"widget\" data-widget_type=\"button.default\">\n\t\t\t\t<div class=\"elementor-widget-container\">\n\t\t\t\t\t\t\t\t\t<div class=\"elementor-button-wrapper\">\n\t\t\t\t\t<a class=\"elementor-button elementor-button-link elementor-size-sm\" href=\"https:\/\/www.hotel-marvejols.fr\/en\/price-list\/\">\n\t\t\t\t\t\t<span class=\"elementor-button-content-wrapper\">\n\t\t\t\t\t\t\t\t\t<span class=\"elementor-button-text\">Price list<\/span>\n\t\t\t\t\t<\/span>\n\t\t\t\t\t<\/a>\n\t\t\t\t<\/div>\n\t\t\t\t\t\t\t\t<\/div>\n\t\t\t\t<\/div>\n\t\t\t\t\t<\/div>\n\t\t<\/div>\n\t\t\t\t\t<\/div>\n\t\t<\/section>\n\t\t\t\t<section class=\"elementor-section elementor-top-section elementor-element elementor-element-8090cbb elementor-section-boxed elementor-section-height-default elementor-section-height-default\" data-id=\"8090cbb\" data-element_type=\"section\">\n\t\t\t\t\t\t<div class=\"elementor-container elementor-column-gap-default\">\n\t\t\t\t\t<div class=\"elementor-column elementor-col-100 elementor-top-column elementor-element elementor-element-af23947\" data-id=\"af23947\" data-element_type=\"column\">\n\t\t\t<div class=\"elementor-widget-wrap elementor-element-populated\">\n\t\t\t\t\t\t<div class=\"elementor-element elementor-element-1059476 elementor-widget elementor-widget-gallery\" data-id=\"1059476\" data-element_type=\"widget\" data-settings=\"{&quot;aspect_ratio&quot;:&quot;1:1&quot;,&quot;lazyload&quot;:&quot;yes&quot;,&quot;gallery_layout&quot;:&quot;grid&quot;,&quot;columns&quot;:4,&quot;columns_tablet&quot;:2,&quot;columns_mobile&quot;:1,&quot;gap&quot;:{&quot;unit&quot;:&quot;px&quot;,&quot;size&quot;:10,&quot;sizes&quot;:[]},&quot;gap_tablet&quot;:{&quot;unit&quot;:&quot;px&quot;,&quot;size&quot;:10,&quot;sizes&quot;:[]},&quot;gap_mobile&quot;:{&quot;unit&quot;:&quot;px&quot;,&quot;size&quot;:10,&quot;sizes&quot;:[]},&quot;link_to&quot;:&quot;file&quot;,&quot;overlay_background&quot;:&quot;yes&quot;,&quot;content_hover_animation&quot;:&quot;fade-in&quot;}\" data-widget_type=\"gallery.default\">\n\t\t\t\t<div class=\"elementor-widget-container\">\n\t\t\t\t\t\t\t<div class=\"elementor-gallery__container\">\n\t\t\t\t\t\t\t<a class=\"e-gallery-item elementor-gallery-item elementor-animated-content\" href=\"https:\/\/www.hotel-marvejols.fr\/wp-content\/uploads\/2022\/04\/LEurope-23.jpg\" data-elementor-open-lightbox=\"yes\" data-elementor-lightbox-slideshow=\"1059476\" data-elementor-lightbox-title=\"L&#039;Europe-23\" data-e-action-hash=\"#elementor-action%3Aaction%3Dlightbox%26settings%3DeyJpZCI6NjY0LCJ1cmwiOiJodHRwczpcL1wvd3d3LmhvdGVsLW1hcnZlam9scy5mclwvd3AtY29udGVudFwvdXBsb2Fkc1wvMjAyMlwvMDRcL0xFdXJvcGUtMjMuanBnIiwic2xpZGVzaG93IjoiMTA1OTQ3NiJ9\">\n\t\t\t\t\t<div class=\"e-gallery-image elementor-gallery-item__image\" data-thumbnail=\"https:\/\/www.hotel-marvejols.fr\/wp-content\/uploads\/2022\/04\/LEurope-23.jpg\" data-width=\"1920\" data-height=\"2560\" aria-label=\"\" role=\"img\" ><\/div>\n\t\t\t\t\t\t\t\t\t\t\t<div class=\"elementor-gallery-item__overlay\"><\/div>\n\t\t\t\t\t\t\t\t\t\t\t\t\t\t<\/a>\n\t\t\t\t\t\t\t<a class=\"e-gallery-item elementor-gallery-item elementor-animated-content\" href=\"https:\/\/www.hotel-marvejols.fr\/wp-content\/uploads\/2022\/04\/LEurope-21-scaled.jpg\" data-elementor-open-lightbox=\"yes\" data-elementor-lightbox-slideshow=\"1059476\" data-elementor-lightbox-title=\"L&#039;Europe-21\" data-e-action-hash=\"#elementor-action%3Aaction%3Dlightbox%26settings%3DeyJpZCI6NjYwLCJ1cmwiOiJodHRwczpcL1wvd3d3LmhvdGVsLW1hcnZlam9scy5mclwvd3AtY29udGVudFwvdXBsb2Fkc1wvMjAyMlwvMDRcL0xFdXJvcGUtMjEtc2NhbGVkLmpwZyIsInNsaWRlc2hvdyI6IjEwNTk0NzYifQ%3D%3D\">\n\t\t\t\t\t<div class=\"e-gallery-image elementor-gallery-item__image\" data-thumbnail=\"https:\/\/www.hotel-marvejols.fr\/wp-content\/uploads\/2022\/04\/LEurope-21-scaled.jpg\" data-width=\"2560\" data-height=\"1920\" aria-label=\"\" role=\"img\" ><\/div>\n\t\t\t\t\t\t\t\t\t\t\t<div class=\"elementor-gallery-item__overlay\"><\/div>\n\t\t\t\t\t\t\t\t\t\t\t\t\t\t<\/a>\n\t\t\t\t\t\t\t<a class=\"e-gallery-item elementor-gallery-item elementor-animated-content\" href=\"https:\/\/www.hotel-marvejols.fr\/wp-content\/uploads\/2022\/04\/LEurope-18.jpg\" data-elementor-open-lightbox=\"yes\" data-elementor-lightbox-slideshow=\"1059476\" data-elementor-lightbox-title=\"L&#039;Europe-18\" data-e-action-hash=\"#elementor-action%3Aaction%3Dlightbox%26settings%3DeyJpZCI6NjU0LCJ1cmwiOiJodHRwczpcL1wvd3d3LmhvdGVsLW1hcnZlam9scy5mclwvd3AtY29udGVudFwvdXBsb2Fkc1wvMjAyMlwvMDRcL0xFdXJvcGUtMTguanBnIiwic2xpZGVzaG93IjoiMTA1OTQ3NiJ9\">\n\t\t\t\t\t<div class=\"e-gallery-image elementor-gallery-item__image\" data-thumbnail=\"https:\/\/www.hotel-marvejols.fr\/wp-content\/uploads\/2022\/04\/LEurope-18.jpg\" data-width=\"1920\" data-height=\"1440\" aria-label=\"\" role=\"img\" ><\/div>\n\t\t\t\t\t\t\t\t\t\t\t<div class=\"elementor-gallery-item__overlay\"><\/div>\n\t\t\t\t\t\t\t\t\t\t\t\t\t\t<\/a>\n\t\t\t\t\t\t\t<a class=\"e-gallery-item elementor-gallery-item elementor-animated-content\" href=\"https:\/\/www.hotel-marvejols.fr\/wp-content\/uploads\/2022\/04\/LEurope-14.jpg\" data-elementor-open-lightbox=\"yes\" data-elementor-lightbox-slideshow=\"1059476\" data-elementor-lightbox-title=\"L&#039;Europe-14\" data-e-action-hash=\"#elementor-action%3Aaction%3Dlightbox%26settings%3DeyJpZCI6NjQ2LCJ1cmwiOiJodHRwczpcL1wvd3d3LmhvdGVsLW1hcnZlam9scy5mclwvd3AtY29udGVudFwvdXBsb2Fkc1wvMjAyMlwvMDRcL0xFdXJvcGUtMTQuanBnIiwic2xpZGVzaG93IjoiMTA1OTQ3NiJ9\">\n\t\t\t\t\t<div class=\"e-gallery-image elementor-gallery-item__image\" data-thumbnail=\"https:\/\/www.hotel-marvejols.fr\/wp-content\/uploads\/2022\/04\/LEurope-14.jpg\" data-width=\"1920\" data-height=\"1440\" aria-label=\"\" role=\"img\" ><\/div>\n\t\t\t\t\t\t\t\t\t\t\t<div class=\"elementor-gallery-item__overlay\"><\/div>\n\t\t\t\t\t\t\t\t\t\t\t\t\t\t<\/a>\n\t\t\t\t\t\t\t<a class=\"e-gallery-item elementor-gallery-item elementor-animated-content\" href=\"https:\/\/www.hotel-marvejols.fr\/wp-content\/uploads\/2022\/04\/LEurope-17.jpg\" data-elementor-open-lightbox=\"yes\" data-elementor-lightbox-slideshow=\"1059476\" data-elementor-lightbox-title=\"L&#039;Europe-17\" data-e-action-hash=\"#elementor-action%3Aaction%3Dlightbox%26settings%3DeyJpZCI6NjUyLCJ1cmwiOiJodHRwczpcL1wvd3d3LmhvdGVsLW1hcnZlam9scy5mclwvd3AtY29udGVudFwvdXBsb2Fkc1wvMjAyMlwvMDRcL0xFdXJvcGUtMTcuanBnIiwic2xpZGVzaG93IjoiMTA1OTQ3NiJ9\">\n\t\t\t\t\t<div class=\"e-gallery-image elementor-gallery-item__image\" data-thumbnail=\"https:\/\/www.hotel-marvejols.fr\/wp-content\/uploads\/2022\/04\/LEurope-17.jpg\" data-width=\"1920\" data-height=\"1440\" aria-label=\"\" role=\"img\" ><\/div>\n\t\t\t\t\t\t\t\t\t\t\t<div class=\"elementor-gallery-item__overlay\"><\/div>\n\t\t\t\t\t\t\t\t\t\t\t\t\t\t<\/a>\n\t\t\t\t\t\t\t<a class=\"e-gallery-item elementor-gallery-item elementor-animated-content\" href=\"https:\/\/www.hotel-marvejols.fr\/wp-content\/uploads\/2022\/04\/LEurope-9.jpg\" data-elementor-open-lightbox=\"yes\" data-elementor-lightbox-slideshow=\"1059476\" data-elementor-lightbox-title=\"L&#039;Europe-9\" data-e-action-hash=\"#elementor-action%3Aaction%3Dlightbox%26settings%3DeyJpZCI6NjM2LCJ1cmwiOiJodHRwczpcL1wvd3d3LmhvdGVsLW1hcnZlam9scy5mclwvd3AtY29udGVudFwvdXBsb2Fkc1wvMjAyMlwvMDRcL0xFdXJvcGUtOS5qcGciLCJzbGlkZXNob3ciOiIxMDU5NDc2In0%3D\">\n\t\t\t\t\t<div class=\"e-gallery-image elementor-gallery-item__image\" data-thumbnail=\"https:\/\/www.hotel-marvejols.fr\/wp-content\/uploads\/2022\/04\/LEurope-9.jpg\" data-width=\"1920\" data-height=\"2560\" aria-label=\"\" role=\"img\" ><\/div>\n\t\t\t\t\t\t\t\t\t\t\t<div class=\"elementor-gallery-item__overlay\"><\/div>\n\t\t\t\t\t\t\t\t\t\t\t\t\t\t<\/a>\n\t\t\t\t\t\t\t<a class=\"e-gallery-item elementor-gallery-item elementor-animated-content\" href=\"https:\/\/www.hotel-marvejols.fr\/wp-content\/uploads\/2022\/04\/LEurope-29.jpg\" data-elementor-open-lightbox=\"yes\" data-elementor-lightbox-slideshow=\"1059476\" data-elementor-lightbox-title=\"L&#039;Europe-29\" data-e-action-hash=\"#elementor-action%3Aaction%3Dlightbox%26settings%3DeyJpZCI6NTkyLCJ1cmwiOiJodHRwczpcL1wvd3d3LmhvdGVsLW1hcnZlam9scy5mclwvd3AtY29udGVudFwvdXBsb2Fkc1wvMjAyMlwvMDRcL0xFdXJvcGUtMjkuanBnIiwic2xpZGVzaG93IjoiMTA1OTQ3NiJ9\">\n\t\t\t\t\t<div class=\"e-gallery-image elementor-gallery-item__image\" data-thumbnail=\"https:\/\/www.hotel-marvejols.fr\/wp-content\/uploads\/2022\/04\/LEurope-29.jpg\" data-width=\"1920\" data-height=\"2560\" aria-label=\"\" role=\"img\" ><\/div>\n\t\t\t\t\t\t\t\t\t\t\t<div class=\"elementor-gallery-item__overlay\"><\/div>\n\t\t\t\t\t\t\t\t\t\t\t\t\t\t<\/a>\n\t\t\t\t\t\t\t<a class=\"e-gallery-item elementor-gallery-item elementor-animated-content\" href=\"https:\/\/www.hotel-marvejols.fr\/wp-content\/uploads\/2022\/04\/LEurope-12.jpg\" data-elementor-open-lightbox=\"yes\" data-elementor-lightbox-slideshow=\"1059476\" data-elementor-lightbox-title=\"L&#039;Europe-12\" data-e-action-hash=\"#elementor-action%3Aaction%3Dlightbox%26settings%3DeyJpZCI6NjQyLCJ1cmwiOiJodHRwczpcL1wvd3d3LmhvdGVsLW1hcnZlam9scy5mclwvd3AtY29udGVudFwvdXBsb2Fkc1wvMjAyMlwvMDRcL0xFdXJvcGUtMTIuanBnIiwic2xpZGVzaG93IjoiMTA1OTQ3NiJ9\">\n\t\t\t\t\t<div class=\"e-gallery-image elementor-gallery-item__image\" data-thumbnail=\"https:\/\/www.hotel-marvejols.fr\/wp-content\/uploads\/2022\/04\/LEurope-12.jpg\" data-width=\"1920\" data-height=\"1440\" aria-label=\"\" role=\"img\" ><\/div>\n\t\t\t\t\t\t\t\t\t\t\t<div class=\"elementor-gallery-item__overlay\"><\/div>\n\t\t\t\t\t\t\t\t\t\t\t\t\t\t<\/a>\n\t\t\t\t\t\t\t<a class=\"e-gallery-item elementor-gallery-item elementor-animated-content\" href=\"https:\/\/www.hotel-marvejols.fr\/wp-content\/uploads\/2022\/04\/LEurope-16.jpg\" data-elementor-open-lightbox=\"yes\" data-elementor-lightbox-slideshow=\"1059476\" data-elementor-lightbox-title=\"L&#039;Europe-16\" data-e-action-hash=\"#elementor-action%3Aaction%3Dlightbox%26settings%3DeyJpZCI6NjUwLCJ1cmwiOiJodHRwczpcL1wvd3d3LmhvdGVsLW1hcnZlam9scy5mclwvd3AtY29udGVudFwvdXBsb2Fkc1wvMjAyMlwvMDRcL0xFdXJvcGUtMTYuanBnIiwic2xpZGVzaG93IjoiMTA1OTQ3NiJ9\">\n\t\t\t\t\t<div class=\"e-gallery-image elementor-gallery-item__image\" data-thumbnail=\"https:\/\/www.hotel-marvejols.fr\/wp-content\/uploads\/2022\/04\/LEurope-16.jpg\" data-width=\"1920\" data-height=\"2560\" aria-label=\"\" role=\"img\" ><\/div>\n\t\t\t\t\t\t\t\t\t\t\t<div class=\"elementor-gallery-item__overlay\"><\/div>\n\t\t\t\t\t\t\t\t\t\t\t\t\t\t<\/a>\n\t\t\t\t\t\t\t<a class=\"e-gallery-item elementor-gallery-item elementor-animated-content\" href=\"https:\/\/www.hotel-marvejols.fr\/wp-content\/uploads\/2022\/04\/LEurope-15.jpg\" data-elementor-open-lightbox=\"yes\" data-elementor-lightbox-slideshow=\"1059476\" data-elementor-lightbox-title=\"L&#039;Europe-15\" data-e-action-hash=\"#elementor-action%3Aaction%3Dlightbox%26settings%3DeyJpZCI6NjQ4LCJ1cmwiOiJodHRwczpcL1wvd3d3LmhvdGVsLW1hcnZlam9scy5mclwvd3AtY29udGVudFwvdXBsb2Fkc1wvMjAyMlwvMDRcL0xFdXJvcGUtMTUuanBnIiwic2xpZGVzaG93IjoiMTA1OTQ3NiJ9\">\n\t\t\t\t\t<div class=\"e-gallery-image elementor-gallery-item__image\" data-thumbnail=\"https:\/\/www.hotel-marvejols.fr\/wp-content\/uploads\/2022\/04\/LEurope-15.jpg\" data-width=\"1920\" data-height=\"2560\" aria-label=\"\" role=\"img\" ><\/div>\n\t\t\t\t\t\t\t\t\t\t\t<div class=\"elementor-gallery-item__overlay\"><\/div>\n\t\t\t\t\t\t\t\t\t\t\t\t\t\t<\/a>\n\t\t\t\t\t\t\t<a class=\"e-gallery-item elementor-gallery-item elementor-animated-content\" href=\"https:\/\/www.hotel-marvejols.fr\/wp-content\/uploads\/2022\/04\/LEurope-8.jpg\" data-elementor-open-lightbox=\"yes\" data-elementor-lightbox-slideshow=\"1059476\" data-elementor-lightbox-title=\"L&#039;Europe-8\" data-e-action-hash=\"#elementor-action%3Aaction%3Dlightbox%26settings%3DeyJpZCI6NjM0LCJ1cmwiOiJodHRwczpcL1wvd3d3LmhvdGVsLW1hcnZlam9scy5mclwvd3AtY29udGVudFwvdXBsb2Fkc1wvMjAyMlwvMDRcL0xFdXJvcGUtOC5qcGciLCJzbGlkZXNob3ciOiIxMDU5NDc2In0%3D\">\n\t\t\t\t\t<div class=\"e-gallery-image elementor-gallery-item__image\" data-thumbnail=\"https:\/\/www.hotel-marvejols.fr\/wp-content\/uploads\/2022\/04\/LEurope-8.jpg\" data-width=\"1920\" data-height=\"2560\" aria-label=\"\" role=\"img\" ><\/div>\n\t\t\t\t\t\t\t\t\t\t\t<div class=\"elementor-gallery-item__overlay\"><\/div>\n\t\t\t\t\t\t\t\t\t\t\t\t\t\t<\/a>\n\t\t\t\t\t\t\t<a class=\"e-gallery-item elementor-gallery-item elementor-animated-content\" href=\"https:\/\/www.hotel-marvejols.fr\/wp-content\/uploads\/2022\/04\/LEurope-drone-7.jpg\" data-elementor-open-lightbox=\"yes\" data-elementor-lightbox-slideshow=\"1059476\" data-elementor-lightbox-title=\"L&#039;Europe drone-7\" data-e-action-hash=\"#elementor-action%3Aaction%3Dlightbox%26settings%3DeyJpZCI6NjA4LCJ1cmwiOiJodHRwczpcL1wvd3d3LmhvdGVsLW1hcnZlam9scy5mclwvd3AtY29udGVudFwvdXBsb2Fkc1wvMjAyMlwvMDRcL0xFdXJvcGUtZHJvbmUtNy5qcGciLCJzbGlkZXNob3ciOiIxMDU5NDc2In0%3D\">\n\t\t\t\t\t<div class=\"e-gallery-image elementor-gallery-item__image\" data-thumbnail=\"https:\/\/www.hotel-marvejols.fr\/wp-content\/uploads\/2022\/04\/LEurope-drone-7.jpg\" data-width=\"1920\" data-height=\"1440\" aria-label=\"\" role=\"img\" ><\/div>\n\t\t\t\t\t\t\t\t\t\t\t<div class=\"elementor-gallery-item__overlay\"><\/div>\n\t\t\t\t\t\t\t\t\t\t\t\t\t\t<\/a>\n\t\t\t\t\t<\/div>\n\t\t\t\t\t<\/div>\n\t\t\t\t<\/div>\n\t\t\t\t\t<\/div>\n\t\t<\/div>\n\t\t\t\t\t<\/div>\n\t\t<\/section>\n\t\t\t\t<section class=\"elementor-section elementor-top-section elementor-element elementor-element-7704ea0 elementor-section-boxed elementor-section-height-default elementor-section-height-default\" data-id=\"7704ea0\" data-element_type=\"section\">\n\t\t\t\t\t\t<div class=\"elementor-container elementor-column-gap-default\">\n\t\t\t\t\t<div class=\"elementor-column elementor-col-100 elementor-top-column elementor-element elementor-element-3f2b971\" data-id=\"3f2b971\" data-element_type=\"column\">\n\t\t\t<div class=\"elementor-widget-wrap\">\n\t\t\t\t\t\t\t<\/div>\n\t\t<\/div>\n\t\t\t\t\t<\/div>\n\t\t<\/section>\n\t\t\t\t<section class=\"elementor-section elementor-top-section elementor-element elementor-element-c4cdbed elementor-section-boxed elementor-section-height-default elementor-section-height-default\" data-id=\"c4cdbed\" data-element_type=\"section\">\n\t\t\t\t\t\t<div class=\"elementor-container elementor-column-gap-default\">\n\t\t\t\t\t<div class=\"elementor-column elementor-col-100 elementor-top-column elementor-element elementor-element-77dec97\" data-id=\"77dec97\" data-element_type=\"column\">\n\t\t\t<div class=\"elementor-widget-wrap elementor-element-populated\">\n\t\t\t\t\t\t<div class=\"elementor-element elementor-element-e1d65fa elementor-widget elementor-widget-spacer\" data-id=\"e1d65fa\" data-element_type=\"widget\" data-widget_type=\"spacer.default\">\n\t\t\t\t<div class=\"elementor-widget-container\">\n\t\t\t\t\t\t\t<div class=\"elementor-spacer\">\n\t\t\t<div class=\"elementor-spacer-inner\"><\/div>\n\t\t<\/div>\n\t\t\t\t\t\t<\/div>\n\t\t\t\t<\/div>\n\t\t\t\t\t<\/div>\n\t\t<\/div>\n\t\t\t\t\t<\/div>\n\t\t<\/section>\n\t\t\t\t<section class=\"elementor-section elementor-top-section elementor-element elementor-element-1e3fb17 elementor-section-boxed elementor-section-height-default elementor-section-height-default\" data-id=\"1e3fb17\" data-element_type=\"section\">\n\t\t\t\t\t\t<div class=\"elementor-container elementor-column-gap-default\">\n\t\t\t\t\t<div class=\"elementor-column elementor-col-100 elementor-top-column elementor-element elementor-element-848040f\" data-id=\"848040f\" data-element_type=\"column\">\n\t\t\t<div class=\"elementor-widget-wrap elementor-element-populated\">\n\t\t\t\t\t\t<div class=\"elementor-element elementor-element-3f33ac1 elementor-widget elementor-widget-accordion\" data-id=\"3f33ac1\" data-element_type=\"widget\" data-widget_type=\"accordion.default\">\n\t\t\t\t<div class=\"elementor-widget-container\">\n\t\t\t\t\t\t\t<div class=\"elementor-accordion\">\n\t\t\t\t\t\t\t<div class=\"elementor-accordion-item\">\n\t\t\t\t\t<div id=\"elementor-tab-title-6621\" class=\"elementor-tab-title\" data-tab=\"1\" role=\"button\" aria-controls=\"elementor-tab-content-6621\" aria-expanded=\"false\">\n\t\t\t\t\t\t\t\t\t\t\t\t\t<span class=\"elementor-accordion-icon elementor-accordion-icon-left\" aria-hidden=\"true\">\n\t\t\t\t\t\t\t\t\t\t\t\t\t\t\t<span class=\"elementor-accordion-icon-closed\"><i class=\"fas fa-plus\"><\/i><\/span>\n\t\t\t\t\t\t\t\t<span class=\"elementor-accordion-icon-opened\"><i class=\"fas fa-minus\"><\/i><\/span>\n\t\t\t\t\t\t\t\t\t\t\t\t\t\t<\/span>\n\t\t\t\t\t\t\t\t\t\t\t\t<a class=\"elementor-accordion-title\" tabindex=\"0\">What activities are available in and around Marvejols?<\/a>\n\t\t\t\t\t<\/div>\n\t\t\t\t\t<div id=\"elementor-tab-content-6621\" class=\"elementor-tab-content elementor-clearfix\" data-tab=\"1\" role=\"region\" aria-labelledby=\"elementor-tab-title-6621\"><p>Marvejols, a town of art and history, is the ideal base for exploring the Loz\u00e8re. You're just minutes from the vast Aubrac plateau, with its breathtaking scenery, and the spectacular Gorges du Tarn, perfect for hiking and water sports. The region is also a paradise for bikers and nature lovers.<\/p><p><strong>Less than 500 metres from the hotel, a river provides the ideal setting for relaxation and water sports.<\/strong> Swimming, canoeing, paddling... there's plenty to keep you cool and entertained.\u00a0<\/p><\/div>\n\t\t\t\t<\/div>\n\t\t\t\t\t\t\t<div class=\"elementor-accordion-item\">\n\t\t\t\t\t<div id=\"elementor-tab-title-6622\" class=\"elementor-tab-title\" data-tab=\"2\" role=\"button\" aria-controls=\"elementor-tab-content-6622\" aria-expanded=\"false\">\n\t\t\t\t\t\t\t\t\t\t\t\t\t<span class=\"elementor-accordion-icon elementor-accordion-icon-left\" aria-hidden=\"true\">\n\t\t\t\t\t\t\t\t\t\t\t\t\t\t\t<span class=\"elementor-accordion-icon-closed\"><i class=\"fas fa-plus\"><\/i><\/span>\n\t\t\t\t\t\t\t\t<span class=\"elementor-accordion-icon-opened\"><i class=\"fas fa-minus\"><\/i><\/span>\n\t\t\t\t\t\t\t\t\t\t\t\t\t\t<\/span>\n\t\t\t\t\t\t\t\t\t\t\t\t<a class=\"elementor-accordion-title\" tabindex=\"0\">Does the hotel have an on-site restaurant?<\/a>\n\t\t\t\t\t<\/div>\n\t\t\t\t\t<div id=\"elementor-tab-content-6622\" class=\"elementor-tab-content elementor-clearfix\" data-tab=\"2\" role=\"region\" aria-labelledby=\"elementor-tab-title-6622\"><p>Yes, our hotel is home to <a href=\"https:\/\/www.hotel-marvejols.fr\/en\/the-restaurant\/\">a local restaurant<\/a> where all dishes are cooked on site using local produce. The hotel is open 7 days a week. <strong>the restaurant is open from Monday to Saturday evenings<\/strong>. You can also enjoy our terrace on the Place du Barry.<\/p><\/div>\n\t\t\t\t<\/div>\n\t\t\t\t\t\t\t<div class=\"elementor-accordion-item\">\n\t\t\t\t\t<div id=\"elementor-tab-title-6623\" class=\"elementor-tab-title\" data-tab=\"3\" role=\"button\" aria-controls=\"elementor-tab-content-6623\" aria-expanded=\"false\">\n\t\t\t\t\t\t\t\t\t\t\t\t\t<span class=\"elementor-accordion-icon elementor-accordion-icon-left\" aria-hidden=\"true\">\n\t\t\t\t\t\t\t\t\t\t\t\t\t\t\t<span class=\"elementor-accordion-icon-closed\"><i class=\"fas fa-plus\"><\/i><\/span>\n\t\t\t\t\t\t\t\t<span class=\"elementor-accordion-icon-opened\"><i class=\"fas fa-minus\"><\/i><\/span>\n\t\t\t\t\t\t\t\t\t\t\t\t\t\t<\/span>\n\t\t\t\t\t\t\t\t\t\t\t\t<a class=\"elementor-accordion-title\" tabindex=\"0\">How much does a stay at H\u00f4tel L'Europe cost?<\/a>\n\t\t\t\t\t<\/div>\n\t\t\t\t\t<div id=\"elementor-tab-content-6623\" class=\"elementor-tab-content elementor-clearfix\" data-tab=\"3\" role=\"region\" aria-labelledby=\"elementor-tab-title-6623\"><p>Our prices vary according to the type of room and the package chosen. For a standard room, the price is \u20ac70 per person, and our \"\u00e9tape r\u00e9gal\" evening is \u20ac105 per person with an \u00e0 la carte menu.<a href=\"https:\/\/www.hotel-marvejols.fr\/en\/price-list\/\"> Find out more about our rates!<\/a><\/p><\/div>\n\t\t\t\t<\/div>\n\t\t\t\t\t\t\t<div class=\"elementor-accordion-item\">\n\t\t\t\t\t<div id=\"elementor-tab-title-6624\" class=\"elementor-tab-title\" data-tab=\"4\" role=\"button\" aria-controls=\"elementor-tab-content-6624\" aria-expanded=\"false\">\n\t\t\t\t\t\t\t\t\t\t\t\t\t<span class=\"elementor-accordion-icon elementor-accordion-icon-left\" aria-hidden=\"true\">\n\t\t\t\t\t\t\t\t\t\t\t\t\t\t\t<span class=\"elementor-accordion-icon-closed\"><i class=\"fas fa-plus\"><\/i><\/span>\n\t\t\t\t\t\t\t\t<span class=\"elementor-accordion-icon-opened\"><i class=\"fas fa-minus\"><\/i><\/span>\n\t\t\t\t\t\t\t\t\t\t\t\t\t\t<\/span>\n\t\t\t\t\t\t\t\t\t\t\t\t<a class=\"elementor-accordion-title\" tabindex=\"0\">Is the hotel suitable for groups and business travellers?<\/a>\n\t\t\t\t\t<\/div>\n\t\t\t\t\t<div id=\"elementor-tab-content-6624\" class=\"elementor-tab-content elementor-clearfix\" data-tab=\"4\" role=\"region\" aria-labelledby=\"elementor-tab-title-6624\"><p>Yes, we are happy to welcome groups with a \"\u00a0<strong>stop lunch<\/strong>\u00a0\"There is also a bus park on the Place de l'Europe. For business travellers, we offer an evening \"\u00e9tape r\u00e9gal\" and a fully-equipped seminar room for hire, ideal for your meetings.<\/p><\/div>\n\t\t\t\t<\/div>\n\t\t\t\t\t\t\t\t<\/div>\n\t\t\t\t\t\t<\/div>\n\t\t\t\t<\/div>\n\t\t\t\t\t<\/div>\n\t\t<\/div>\n\t\t\t\t\t<\/div>\n\t\t<\/section>\n\t\t\t\t<section class=\"elementor-section elementor-top-section elementor-element elementor-element-1a3b12d elementor-section-boxed elementor-section-height-default elementor-section-height-default\" data-id=\"1a3b12d\" data-element_type=\"section\">\n\t\t\t\t\t\t<div class=\"elementor-container elementor-column-gap-default\">\n\t\t\t\t\t<div class=\"elementor-column elementor-col-100 elementor-top-column elementor-element elementor-element-a8b8b68\" data-id=\"a8b8b68\" data-element_type=\"column\">\n\t\t\t<div class=\"elementor-widget-wrap elementor-element-populated\">\n\t\t\t\t\t\t<div class=\"elementor-element elementor-element-aa98f3c elementor-widget elementor-widget-spacer\" data-id=\"aa98f3c\" data-element_type=\"widget\" data-widget_type=\"spacer.default\">\n\t\t\t\t<div class=\"elementor-widget-container\">\n\t\t\t\t\t\t\t<div class=\"elementor-spacer\">\n\t\t\t<div class=\"elementor-spacer-inner\"><\/div>\n\t\t<\/div>\n\t\t\t\t\t\t<\/div>\n\t\t\t\t<\/div>\n\t\t\t\t\t<\/div>\n\t\t<\/div>\n\t\t\t\t\t<\/div>\n\t\t<\/section>\n\t\t\t\t<\/div>","protected":false},"excerpt":{"rendered":"<p>L&rsquo;h\u00f4tel de l&rsquo;Europe \u00e0 Marvejols est ouvert tous les jours. Depuis 2009, notre \u00e9tablissement vous accueille avec le sens de l&rsquo;hospitalit\u00e9 h\u00e9rit\u00e9 de la Maison Bastide, dont nous sommes fiers de faire partie. Id\u00e9alement situ\u00e9 entre les vastes plateaux de l&rsquo;Aubrac et les spectaculaires Gorges du Tarn, notre h\u00f4tel est le point de d\u00e9part parfait [&hellip;]<\/p>","protected":false},"author":1,"featured_media":654,"parent":0,"menu_order":0,"comment_status":"closed","ping_status":"closed","template":"","meta":{"_seopress_robots_primary_cat":"","_seopress_titles_title":"H\u00f4tel \u00e0 Marvejols \u2013 S\u00e9jour Confort entre Aubrac et Gorges du Tarn","_seopress_titles_desc":"H\u00f4tel de l\u2019Europe \u00e0 Marvejols : h\u00f4tel ouvert 7j\/7. Chambres r\u00e9nov\u00e9es, familiales, PMR ou VRP. Garage s\u00e9curis\u00e9, Wifi, TV connect\u00e9e, accueil motards et groupes.","_seopress_robots_index":"","footnotes":""},"class_list":["post-174","page","type-page","status-publish","has-post-thumbnail","hentry"],"_links":{"self":[{"href":"https:\/\/www.hotel-marvejols.fr\/en\/wp-json\/wp\/v2\/pages\/174","targetHints":{"allow":["GET"]}}],"collection":[{"href":"https:\/\/www.hotel-marvejols.fr\/en\/wp-json\/wp\/v2\/pages"}],"about":[{"href":"https:\/\/www.hotel-marvejols.fr\/en\/wp-json\/wp\/v2\/types\/page"}],"author":[{"embeddable":true,"href":"https:\/\/www.hotel-marvejols.fr\/en\/wp-json\/wp\/v2\/users\/1"}],"replies":[{"embeddable":true,"href":"https:\/\/www.hotel-marvejols.fr\/en\/wp-json\/wp\/v2\/comments?post=174"}],"version-history":[{"count":39,"href":"https:\/\/www.hotel-marvejols.fr\/en\/wp-json\/wp\/v2\/pages\/174\/revisions"}],"predecessor-version":[{"id":1123,"href":"https:\/\/www.hotel-marvejols.fr\/en\/wp-json\/wp\/v2\/pages\/174\/revisions\/1123"}],"wp:featuredmedia":[{"embeddable":true,"href":"https:\/\/www.hotel-marvejols.fr\/en\/wp-json\/wp\/v2\/media\/654"}],"wp:attachment":[{"href":"https:\/\/www.hotel-marvejols.fr\/en\/wp-json\/wp\/v2\/media?parent=174"}],"curies":[{"name":"wp","href":"https:\/\/api.w.org\/{rel}","templated":true}]}}